{"id":1009,"date":"2025-05-20T20:39:06","date_gmt":"2025-05-20T23:39:06","guid":{"rendered":"https:\/\/isfd4-bue.infd.edu.ar\/sitio\/?page_id=1009"},"modified":"2025-05-20T21:08:51","modified_gmt":"2025-05-21T00:08:51","slug":"profesorado-en-historia","status":"publish","type":"page","link":"https:\/\/isfd4-bue.infd.edu.ar\/sitio\/profesorado-en-historia\/","title":{"rendered":"Profesorado en Historia"},"content":{"rendered":"\n<p><strong>1\u00b0 A\u00d1O<\/strong><\/p>\n\n\n\n<p>PEDAGOG\u00cdA<\/p>\n\n\n\n<p>EDUCACI\u00d3N Y TRANSFORMACIONES SOCIALES CONTEMPOR\u00c1NEAS<\/p>\n\n\n\n<p>ESI<\/p>\n\n\n\n<p>CULTURA DIGITAL Y EDUCACI\u00d3N<\/p>\n\n\n\n<p>HISTORIA DEL MUNDO ANTIGUO<\/p>\n\n\n\n<p>HISTORIA AMERICANA I: DEL POBLAMIENTO A LA INVASI\u00d3N EUROPEA<\/p>\n\n\n\n<p>ANTROPOLOG\u00cdA<\/p>\n\n\n\n<p><a href=\"https:\/\/drive.google.com\/file\/d\/1v0DsOGTXHGfxSSM_ThlGbCxXI7OYE7fY\/view?usp=drive_link\" target=\"_blank\" rel=\"noreferrer noopener\">INTRODUCCI\u00d3N A LAS CIENCIAS SOCIALES Y A LA HISTORIA<\/a><\/p>\n\n\n\n<p><a href=\"https:\/\/docs.google.com\/document\/d\/1IPKGnbkat51hTQkuaeGXWfwiJTPGdSzy\/edit?usp=drive_link&amp;ouid=113155586088055044723&amp;rtpof=true&amp;sd=true\" target=\"_blank\" rel=\"noreferrer noopener\">GEOGRAF\u00cdA<\/a><\/p>\n\n\n\n<p>PR\u00c1CTICA DOCENTE I<\/p>\n\n\n\n<p><strong>2\u00b0 A\u00d1O<\/strong><\/p>\n\n\n\n<p>DID\u00c1CTICA Y CURRICULUM<\/p>\n\n\n\n<p>PSICOLOG\u00cdA DEL APRENDIZAJE<\/p>\n\n\n\n<p>AN\u00c1LISIS DE LAS INSTITUCIONES EDUCATIVAS<\/p>\n\n\n\n<p>PENSAMIENTO POL\u00cdTICO PEDAG\u00d3GICO LATINOAMERICANO<\/p>\n\n\n\n<p><a href=\"https:\/\/docs.google.com\/document\/d\/1bCVwpNYxVjgOtyzTH6g7R0cpBwS7Tlvy\/edit?usp=drive_link&amp;ouid=113155586088055044723&amp;rtpof=true&amp;sd=true\" target=\"_blank\" rel=\"noreferrer noopener\">DID\u00c1CTICA DE LAS CIENCIAS SOCIALES<\/a><\/p>\n\n\n\n<p>HISTORIA AMERICANA II: DE LA INVASI\u00d3N EUROPEA HASTA LA CRISIS DEL ORDEN COLONIAL<\/p>\n\n\n\n<p><a href=\"https:\/\/drive.google.com\/file\/d\/13qEAMGV_WxKcsd5iaM3c-1zs5T8yMhzR\/view?usp=drive_link\" target=\"_blank\" rel=\"noreferrer noopener\">SOCIOLOG\u00cdA<\/a><\/p>\n\n\n\n<p><a href=\"https:\/\/drive.google.com\/file\/d\/1CQJyEcbPT1Lhr0Irkn2ZTw1m9ay19BwU\/view?usp=drive_link\" target=\"_blank\" rel=\"noreferrer noopener\">ECONOM\u00cdA POL\u00cdTICA<\/a><\/p>\n\n\n\n<p>HISTORIA DEL MUNDO MEDIEVAL<\/p>\n\n\n\n<p>PROBLEMAS DE ASIA Y \u00c1FRICA<\/p>\n\n\n\n<p>HISTORIA DEL MUNDO MODERNO<\/p>\n\n\n\n<p>PR\u00c1CTICA DOCENTE II<\/p>\n\n\n\n<p><strong>3\u00b0 A\u00d1O<\/strong><\/p>\n\n\n\n<p>POL\u00cdTICA EDUCATIVA ARGENTINA<\/p>\n\n\n\n<p>PROBLEMAS FILOS\u00d3FICOS DE LA EDUCACI\u00d3N<\/p>\n\n\n\n<p>TRAYECTORIAS EDUCATIVAS DE J\u00d3VENES Y ADULTOS<\/p>\n\n\n\n<p>DID\u00c1CTICA DE LA HISTORIA<\/p>\n\n\n\n<p>HISTORIA DEL MUNDO CONTEMPOR\u00c1NEO<\/p>\n\n\n\n<p>HISTORIA ARGENTINA<\/p>\n\n\n\n<p>TEOR\u00cdA E HISTORIA DE LA HISTORIOGRAF\u00cdA<\/p>\n\n\n\n<p>PROBLEMAS DE ASIA Y \u00c1FRICA II<\/p>\n\n\n\n<p>HISTORIA LATINOAMERICANA I: DE LA CRISIS DEL ORDEN COLONIAL A LA FORMACI\u00d3N DE LOS ESTADOS NACIONALES <\/p>\n\n\n\n<p>PR\u00c1CTICA DOCENTE III<\/p>\n","protected":false},"excerpt":{"rendered":"<p>1\u00b0 A\u00d1O PEDAGOG\u00cdA EDUCACI\u00d3N Y TRANSFORMACIONES SOCIALES CONTEMPOR\u00c1NEAS ESI CULTURA DIGITAL Y EDUCACI\u00d3N HISTORIA DEL MUNDO ANTIGUO HISTORIA AMERICANA I: DEL POBLAMIENTO A LA INVASI\u00d3N EUROPEA ANTROPOLOG\u00cdA INTRODUCCI\u00d3N A LAS CIENCIAS SOCIALES Y A LA HISTORIA GEOGRAF\u00cdA PR\u00c1CTICA DOCENTE I 2\u00b0 A\u00d1O DID\u00c1CTICA Y CURRICULUM PSICOLOG\u00cdA DEL APRENDIZAJE AN\u00c1LISIS DE LAS INSTITUCIONES EDUCATIVAS PENSAMIENTO POL\u00cdTICO &#8230; <a title=\"Profesorado en Historia\" class=\"read-more\" href=\"https:\/\/isfd4-bue.infd.edu.ar\/sitio\/profesorado-en-historia\/\" aria-label=\"More on Profesorado en Historia\">[+]<\/a><\/p>\n","protected":false},"author":28,"featured_media":0,"parent":0,"menu_order":0,"comment_status":"closed","ping_status":"closed","template":"","meta":[],"acf":[],"_links":{"self":[{"href":"https:\/\/isfd4-bue.infd.edu.ar\/sitio\/wp-json\/wp\/v2\/pages\/1009"}],"collection":[{"href":"https:\/\/isfd4-bue.infd.edu.ar\/sitio\/wp-json\/wp\/v2\/pages"}],"about":[{"href":"https:\/\/isfd4-bue.infd.edu.ar\/sitio\/wp-json\/wp\/v2\/types\/page"}],"author":[{"embeddable":true,"href":"https:\/\/isfd4-bue.infd.edu.ar\/sitio\/wp-json\/wp\/v2\/users\/28"}],"replies":[{"embeddable":true,"href":"https:\/\/isfd4-bue.infd.edu.ar\/sitio\/wp-json\/wp\/v2\/comments?post=1009"}],"version-history":[{"count":4,"href":"https:\/\/isfd4-bue.infd.edu.ar\/sitio\/wp-json\/wp\/v2\/pages\/1009\/revisions"}],"predecessor-version":[{"id":1019,"href":"https:\/\/isfd4-bue.infd.edu.ar\/sitio\/wp-json\/wp\/v2\/pages\/1009\/revisions\/1019"}],"wp:attachment":[{"href":"https:\/\/isfd4-bue.infd.edu.ar\/sitio\/wp-json\/wp\/v2\/media?parent=1009"}],"curies":[{"name":"wp","href":"https:\/\/api.w.org\/{rel}","templated":true}]}}