{"id":1000,"date":"2025-05-19T22:21:54","date_gmt":"2025-05-20T01:21:54","guid":{"rendered":"https:\/\/isfd4-bue.infd.edu.ar\/sitio\/?page_id=1000"},"modified":"2025-05-20T21:38:32","modified_gmt":"2025-05-21T00:38:32","slug":"profesorado-en-psicologia","status":"publish","type":"page","link":"https:\/\/isfd4-bue.infd.edu.ar\/sitio\/profesorado-en-psicologia\/","title":{"rendered":"Profesorado en Psicolog\u00eda"},"content":{"rendered":"\n<p><strong>1\u00b0 A\u00d1O<\/strong><\/p>\n\n\n\n<p>PERSPECTIVA FILOS\u00d3FICO -PEDAG\u00d3GICA I&nbsp;&nbsp;&nbsp;&nbsp;&nbsp;&nbsp;&nbsp;&nbsp;<\/p>\n\n\n\n<p><a href=\"https:\/\/drive.google.com\/file\/d\/1Z1fVaySGnklbeWIQKiS-PQVzVBX3iS9P\/view?usp=drive_link\" target=\"_blank\" rel=\"noreferrer noopener\">PERSPECTIVA PEDAG\u00d3GICO -DID\u00c1CTICA I\u00a0<\/a>\u00a0\u00a0\u00a0\u00a0\u00a0\u00a0\u00a0\u00a0\u00a0\u00a0<\/p>\n\n\n\n<p><a href=\"https:\/\/drive.google.com\/file\/d\/1cdHszVZ6_gVN_slpKcrOM5wR92ZTv_fM\/view?usp=drive_link\" target=\"_blank\" rel=\"noreferrer noopener\">PERSPECTIVA SOCIO-POL\u00cdTICA&nbsp;<\/a><\/p>\n\n\n\n<p>PSICOLOG\u00cdA Y CULTURA EN LA EDUCACI\u00d3N&nbsp;&nbsp;&nbsp;&nbsp;&nbsp;&nbsp;&nbsp;<\/p>\n\n\n\n<p>FILOSOF\u00cdA I&nbsp;&nbsp;&nbsp;&nbsp;&nbsp;&nbsp;&nbsp;<\/p>\n\n\n\n<p>PSICOLOG\u00cdA GENERAL I<\/p>\n\n\n\n<p>FISIOLOG\u00cdA HUMANA&nbsp;&nbsp;<\/p>\n\n\n\n<p><a href=\"https:\/\/drive.google.com\/file\/d\/19vejoe-wr7_zvV7axBd528477ndzbdBh\/view?usp=drive_link\" target=\"_blank\" rel=\"noreferrer noopener\">L\u00d3GICA Y EPISTEMOLOG\u00cdA DE LAS CIENCIAS&nbsp;<\/a>&nbsp;&nbsp;&nbsp;&nbsp;&nbsp;<\/p>\n\n\n\n<p>ESPACIO DE LA PR\u00c1CTICA DOCENTE I<\/p>\n\n\n\n<p><strong>2\u00b0 A\u00d1O<\/strong><\/p>\n\n\n\n<p>PERSPECTIVA FILOS\u00d3FICO \u2013&nbsp; PEDAG\u00d3GICA II<\/p>\n\n\n\n<p><a href=\"https:\/\/drive.google.com\/file\/d\/1EM095r2fj-xnAHWWlyvju2R_PnT5IzxB\/view?usp=drive_link\" target=\"_blank\" rel=\"noreferrer noopener\">PERSPECTIVA PEDAG\u00d3GICO DID\u00c1CTICA I&nbsp;<\/a><\/p>\n\n\n\n<p>PSICOLOG\u00cdA Y CULTURA DEL ALUMNO DE E.G.B. 3 Y POLIMODAL<\/p>\n\n\n\n<p>FILOSOF\u00cdA II&nbsp;&nbsp;&nbsp;&nbsp;&nbsp;&nbsp;<\/p>\n\n\n\n<p>PSICOLOG\u00cdA GENERAL II&nbsp;&nbsp;&nbsp;&nbsp;&nbsp;&nbsp;&nbsp;&nbsp;&nbsp;&nbsp;&nbsp;&nbsp;&nbsp;&nbsp;<\/p>\n\n\n\n<p><a href=\"https:\/\/docs.google.com\/document\/d\/108zvDX-d2nmiAkkBklqPYb3JdCDzHpb0\/edit?usp=drive_link&amp;ouid=113155586088055044723&amp;rtpof=true&amp;sd=true\" target=\"_blank\" rel=\"noreferrer noopener\">TEOR\u00cdA PSICOANAL\u00cdTICA I&nbsp;<\/a>&nbsp;&nbsp;&nbsp;&nbsp;&nbsp;&nbsp;&nbsp;&nbsp;&nbsp;<\/p>\n\n\n\n<p>PSICOESTAD\u00cdSTICA&nbsp;&nbsp;&nbsp;&nbsp;&nbsp;&nbsp;&nbsp;&nbsp;<\/p>\n\n\n\n<p><a href=\"https:\/\/drive.google.com\/file\/d\/1hlnb1wZ44aaGkpNHcGzL4KSw01JFaiPm\/view?usp=drive_link\" target=\"_blank\" rel=\"noreferrer noopener\">ANTROPOLOG\u00cdA CULTURAL Y SOCIAL&nbsp;&nbsp;&nbsp;&nbsp;<\/a><\/p>\n\n\n\n<p>PSICOLOG\u00cdA DEL DESARROLLO I<\/p>\n\n\n\n<p>ESPACIO DE LA PR\u00c1CTICA DOCENTE II<\/p>\n\n\n\n<p><strong>3\u00b0 A\u00d1O<\/strong><\/p>\n\n\n\n<p>PERSPECTIVA FILOS\u00d3FICO \u2013&nbsp;PEDAG\u00d3GICO \u2013 DID\u00c1CTICA<\/p>\n\n\n\n<p>PERSPECTIVA POL\u00cdTICO INSTITUCIONAL<\/p>\n\n\n\n<p>PSICOLOG\u00cdA CONTEMPOR\u00c1NEA<\/p>\n\n\n\n<p>PSICOLOG\u00cdA SOCIAL<\/p>\n\n\n\n<p>TEOR\u00cdA Y T\u00c9CNICAS DE EXPLORACI\u00d3N I<\/p>\n\n\n\n<p>PSICOFISIOLOG\u00cdA DEL SISTEMA NERVIOSO<\/p>\n\n\n\n<p>TEOR\u00cdA PSICOANAL\u00cdTICA II<\/p>\n\n\n\n<p>PSICOLOG\u00cdA DEL DESARROLLO II<\/p>\n\n\n\n<p>ESPACIO DE LA PR\u00c1CTICA DOCENTE III<\/p>\n","protected":false},"excerpt":{"rendered":"<p>1\u00b0 A\u00d1O PERSPECTIVA FILOS\u00d3FICO -PEDAG\u00d3GICA I&nbsp;&nbsp;&nbsp;&nbsp;&nbsp;&nbsp;&nbsp;&nbsp; PERSPECTIVA PEDAG\u00d3GICO -DID\u00c1CTICA I\u00a0\u00a0\u00a0\u00a0\u00a0\u00a0\u00a0\u00a0\u00a0\u00a0\u00a0 PERSPECTIVA SOCIO-POL\u00cdTICA&nbsp; PSICOLOG\u00cdA Y CULTURA EN LA EDUCACI\u00d3N&nbsp;&nbsp;&nbsp;&nbsp;&nbsp;&nbsp;&nbsp; FILOSOF\u00cdA I&nbsp;&nbsp;&nbsp;&nbsp;&nbsp;&nbsp;&nbsp; PSICOLOG\u00cdA GENERAL I FISIOLOG\u00cdA HUMANA&nbsp;&nbsp; L\u00d3GICA Y EPISTEMOLOG\u00cdA DE LAS CIENCIAS&nbsp;&nbsp;&nbsp;&nbsp;&nbsp;&nbsp; ESPACIO DE LA PR\u00c1CTICA DOCENTE I 2\u00b0 A\u00d1O PERSPECTIVA FILOS\u00d3FICO \u2013&nbsp; PEDAG\u00d3GICA II PERSPECTIVA PEDAG\u00d3GICO DID\u00c1CTICA I&nbsp; PSICOLOG\u00cdA Y CULTURA DEL ALUMNO DE E.G.B. &#8230; <a title=\"Profesorado en Psicolog\u00eda\" class=\"read-more\" href=\"https:\/\/isfd4-bue.infd.edu.ar\/sitio\/profesorado-en-psicologia\/\" aria-label=\"More on Profesorado en Psicolog\u00eda\">[+]<\/a><\/p>\n","protected":false},"author":28,"featured_media":0,"parent":0,"menu_order":0,"comment_status":"closed","ping_status":"closed","template":"","meta":[],"acf":[],"_links":{"self":[{"href":"https:\/\/isfd4-bue.infd.edu.ar\/sitio\/wp-json\/wp\/v2\/pages\/1000"}],"collection":[{"href":"https:\/\/isfd4-bue.infd.edu.ar\/sitio\/wp-json\/wp\/v2\/pages"}],"about":[{"href":"https:\/\/isfd4-bue.infd.edu.ar\/sitio\/wp-json\/wp\/v2\/types\/page"}],"author":[{"embeddable":true,"href":"https:\/\/isfd4-bue.infd.edu.ar\/sitio\/wp-json\/wp\/v2\/users\/28"}],"replies":[{"embeddable":true,"href":"https:\/\/isfd4-bue.infd.edu.ar\/sitio\/wp-json\/wp\/v2\/comments?post=1000"}],"version-history":[{"count":7,"href":"https:\/\/isfd4-bue.infd.edu.ar\/sitio\/wp-json\/wp\/v2\/pages\/1000\/revisions"}],"predecessor-version":[{"id":1026,"href":"https:\/\/isfd4-bue.infd.edu.ar\/sitio\/wp-json\/wp\/v2\/pages\/1000\/revisions\/1026"}],"wp:attachment":[{"href":"https:\/\/isfd4-bue.infd.edu.ar\/sitio\/wp-json\/wp\/v2\/media?parent=1000"}],"curies":[{"name":"wp","href":"https:\/\/api.w.org\/{rel}","templated":true}]}}